{"id":11,"date":"2022-08-08T17:28:40","date_gmt":"2022-08-08T15:28:40","guid":{"rendered":"http:\/\/mon-petit-velo.com\/?page_id=11"},"modified":"2022-08-09T00:37:44","modified_gmt":"2022-08-08T22:37:44","slug":"mon-petit-velo","status":"publish","type":"page","link":"https:\/\/mon-petit-velo.com\/","title":{"rendered":"Mon petit v\u00e9lo"},"content":{"rendered":"\t\t<div data-elementor-type=\"wp-page\" data-elementor-id=\"11\" class=\"elementor elementor-11\">\n\t\t\t\t\t\t\t\t\t<section class=\"elementor-section elementor-top-section elementor-element elementor-element-4c42428 elementor-section-height-min-height elementor-section-boxed elementor-section-height-default elementor-section-items-middle\" data-id=\"4c42428\" data-element_type=\"section\" data-settings=\"{&quot;background_background&quot;:&quot;classic&quot;}\">\n\t\t\t\t\t\t\t<div class=\"elementor-background-overlay\"><\/div>\n\t\t\t\t\t\t\t<div class=\"elementor-container elementor-column-gap-default\">\n\t\t\t\t\t<div class=\"elementor-column elementor-col-100 elementor-top-column elementor-element elementor-element-ffaab67\" data-id=\"ffaab67\" data-element_type=\"column\">\n\t\t\t<div class=\"elementor-widget-wrap elementor-element-populated\">\n\t\t\t\t\t\t\t\t<div class=\"elementor-element elementor-element-2e856d8 elementor-widget elementor-widget-heading\" data-id=\"2e856d8\" data-element_type=\"widget\" data-widget_type=\"heading.default\">\n\t\t\t\t<div class=\"elementor-widget-container\">\n\t\t\t<style>\/*! elementor - v3.12.1 - 02-04-2023 *\/\n.elementor-heading-title{padding:0;margin:0;line-height:1}.elementor-widget-heading .elementor-heading-title[class*=elementor-size-]>a{color:inherit;font-size:inherit;line-height:inherit}.elementor-widget-heading .elementor-heading-title.elementor-size-small{font-size:15px}.elementor-widget-heading .elementor-heading-title.elementor-size-medium{font-size:19px}.elementor-widget-heading .elementor-heading-title.elementor-size-large{font-size:29px}.elementor-widget-heading .elementor-heading-title.elementor-size-xl{font-size:39px}.elementor-widget-heading .elementor-heading-title.elementor-size-xxl{font-size:59px}<\/style><h1 class=\"elementor-heading-title elementor-size-default\">Mon petit v\u00e9lo : le guide complet du v\u00e9lo<\/h1>\t\t<\/div>\n\t\t\t\t<\/div>\n\t\t\t\t<div class=\"elementor-element elementor-element-6a2fbf9 elementor-widget elementor-widget-text-editor\" data-id=\"6a2fbf9\" data-element_type=\"widget\" data-widget_type=\"text-editor.default\">\n\t\t\t\t<div class=\"elementor-widget-container\">\n\t\t\t<style>\/*! elementor - v3.12.1 - 02-04-2023 *\/\n.elementor-widget-text-editor.elementor-drop-cap-view-stacked .elementor-drop-cap{background-color:#69727d;color:#fff}.elementor-widget-text-editor.elementor-drop-cap-view-framed .elementor-drop-cap{color:#69727d;border:3px solid;background-color:transparent}.elementor-widget-text-editor:not(.elementor-drop-cap-view-default) .elementor-drop-cap{margin-top:8px}.elementor-widget-text-editor:not(.elementor-drop-cap-view-default) .elementor-drop-cap-letter{width:1em;height:1em}.elementor-widget-text-editor .elementor-drop-cap{float:left;text-align:center;line-height:1;font-size:50px}.elementor-widget-text-editor .elementor-drop-cap-letter{display:inline-block}<\/style>\t\t\t\tExplore tout le contour du v\u00e9lo gr\u00e2ce \u00e0 nos guides sur chaque composant de la bicyclette !\t\t\t\t\t\t<\/div>\n\t\t\t\t<\/div>\n\t\t\t\t<div class=\"elementor-element elementor-element-7fe4ef2 elementor-align-center elementor-widget elementor-widget-button\" data-id=\"7fe4ef2\" data-element_type=\"widget\" data-widget_type=\"button.default\">\n\t\t\t\t<div class=\"elementor-widget-container\">\n\t\t\t\t\t<div class=\"elementor-button-wrapper\">\n\t\t\t<a href=\"#\" class=\"elementor-button-link elementor-button elementor-size-sm\" role=\"button\">\n\t\t\t\t\t\t<span class=\"elementor-button-content-wrapper\">\n\t\t\t\t\t\t<span class=\"elementor-button-text\">D\u00e9couvre le v\u00e9lo !<\/span>\n\t\t<\/span>\n\t\t\t\t\t<\/a>\n\t\t<\/div>\n\t\t\t\t<\/div>\n\t\t\t\t<\/div>\n\t\t\t\t\t<\/div>\n\t\t<\/div>\n\t\t\t\t\t\t\t<\/div>\n\t\t<\/section>\n\t\t\t\t<section class=\"elementor-section elementor-top-section elementor-element elementor-element-aa617db elementor-section-boxed elementor-section-height-default elementor-section-height-default\" data-id=\"aa617db\" data-element_type=\"section\">\n\t\t\t\t\t\t<div class=\"elementor-container elementor-column-gap-default\">\n\t\t\t\t\t<div class=\"elementor-column elementor-col-100 elementor-top-column elementor-element elementor-element-fee145a\" data-id=\"fee145a\" data-element_type=\"column\">\n\t\t\t<div class=\"elementor-widget-wrap elementor-element-populated\">\n\t\t\t\t\t\t\t\t<div class=\"elementor-element elementor-element-7aa9e02 elementor-widget elementor-widget-heading\" data-id=\"7aa9e02\" data-element_type=\"widget\" data-widget_type=\"heading.default\">\n\t\t\t\t<div class=\"elementor-widget-container\">\n\t\t\t<h2 class=\"elementor-heading-title elementor-size-default\">Le v\u00e9lo : un moyen de transport devenu une somme de composants et de m\u00e9canique<\/h2>\t\t<\/div>\n\t\t\t\t<\/div>\n\t\t\t\t<div class=\"elementor-element elementor-element-ffe17ed elementor-widget elementor-widget-text-editor\" data-id=\"ffe17ed\" data-element_type=\"widget\" data-widget_type=\"text-editor.default\">\n\t\t\t\t<div class=\"elementor-widget-container\">\n\t\t\t\t\t\t\t<p><span style=\"font-weight: 400;\">Le v\u00e9lo est un moyen de transport apparu dans les ann\u00e9es 1817, en Allemagne pour la toute premi\u00e8re fois. Le v\u00e9lo ou la bicyclette pour les plus anciens, est connu de tous, par les petits et les plus grands. Tout le monde se souvient du v\u00e9lo \u00e0 roulettes pour apprendre \u00e0 faire du v\u00e9lo et tenir en \u00e9quilibre plus facilement.<\/span><\/p><p>Lorem ipsum dolor sit amet, consectetur adipiscing elit, sed do eiusmod tempor incididunt ut labore et dolore magna aliqua. Ut enim ad minim veniam, quis nostrud exercitation ullamco laboris nisi ut aliquip ex ea commodo consequat. Duis aute irure dolor in reprehenderit in voluptate velit esse cillum dolore eu fugiat nulla pariatur. Excepteur sint occaecat cupidatat non proident, sunt in culpa qui officia deserunt mollit anim id est laborum.<\/p>\t\t\t\t\t\t<\/div>\n\t\t\t\t<\/div>\n\t\t\t\t<div class=\"elementor-element elementor-element-49b40a5 elementor-widget elementor-widget-heading\" data-id=\"49b40a5\" data-element_type=\"widget\" data-widget_type=\"heading.default\">\n\t\t\t\t<div class=\"elementor-widget-container\">\n\t\t\t<h2 class=\"elementor-heading-title elementor-size-default\">Le v\u00e9lo d\u00e9crypt\u00e9 avec chaque composant<\/h2>\t\t<\/div>\n\t\t\t\t<\/div>\n\t\t\t\t\t<\/div>\n\t\t<\/div>\n\t\t\t\t\t\t\t<\/div>\n\t\t<\/section>\n\t\t\t\t<section class=\"elementor-section elementor-top-section elementor-element elementor-element-c1957a2 elementor-section-boxed elementor-section-height-default elementor-section-height-default\" data-id=\"c1957a2\" data-element_type=\"section\">\n\t\t\t\t\t\t<div class=\"elementor-container elementor-column-gap-default\">\n\t\t\t\t\t<div class=\"elementor-column elementor-col-25 elementor-top-column elementor-element elementor-element-692c68d\" data-id=\"692c68d\" data-element_type=\"column\" data-settings=\"{&quot;background_background&quot;:&quot;classic&quot;}\">\n\t\t\t<div class=\"elementor-widget-wrap elementor-element-populated\">\n\t\t\t\t\t<div class=\"elementor-background-overlay\"><\/div>\n\t\t\t\t\t\t\t\t<div class=\"elementor-element elementor-element-181f008 elementor-widget elementor-widget-text-editor\" data-id=\"181f008\" data-element_type=\"widget\" data-widget_type=\"text-editor.default\">\n\t\t\t\t<div class=\"elementor-widget-container\">\n\t\t\t\t\t\t\tLe cadre du v\u00e9lo\t\t\t\t\t\t<\/div>\n\t\t\t\t<\/div>\n\t\t\t\t\t<\/div>\n\t\t<\/div>\n\t\t\t\t<div class=\"elementor-column elementor-col-25 elementor-top-column elementor-element elementor-element-976a83b\" data-id=\"976a83b\" data-element_type=\"column\">\n\t\t\t<div class=\"elementor-widget-wrap\">\n\t\t\t\t\t\t\t\t\t<\/div>\n\t\t<\/div>\n\t\t\t\t<div class=\"elementor-column elementor-col-25 elementor-top-column elementor-element elementor-element-734b957\" data-id=\"734b957\" data-element_type=\"column\">\n\t\t\t<div class=\"elementor-widget-wrap\">\n\t\t\t\t\t\t\t\t\t<\/div>\n\t\t<\/div>\n\t\t\t\t<div class=\"elementor-column elementor-col-25 elementor-top-column elementor-element elementor-element-616103f\" data-id=\"616103f\" data-element_type=\"column\">\n\t\t\t<div class=\"elementor-widget-wrap\">\n\t\t\t\t\t\t\t\t\t<\/div>\n\t\t<\/div>\n\t\t\t\t\t\t\t<\/div>\n\t\t<\/section>\n\t\t\t\t<section class=\"elementor-section elementor-top-section elementor-element elementor-element-aaef9b4 elementor-section-boxed elementor-section-height-default elementor-section-height-default\" data-id=\"aaef9b4\" data-element_type=\"section\">\n\t\t\t\t\t\t<div class=\"elementor-container elementor-column-gap-default\">\n\t\t\t\t\t<div class=\"elementor-column elementor-col-100 elementor-top-column elementor-element elementor-element-483c256\" data-id=\"483c256\" data-element_type=\"column\">\n\t\t\t<div class=\"elementor-widget-wrap elementor-element-populated\">\n\t\t\t\t\t\t\t\t<div class=\"elementor-element elementor-element-fa27cac elementor-widget elementor-widget-text-editor\" data-id=\"fa27cac\" data-element_type=\"widget\" data-widget_type=\"text-editor.default\">\n\t\t\t\t<div class=\"elementor-widget-container\">\n\t\t\t\t\t\t\t<p>Lorem ipsum dolor sit amet, consectetur adipiscing elit, sed do eiusmod tempor incididunt ut labore et dolore magna aliqua. Ut enim ad minim veniam, quis nostrud exercitation ullamco laboris nisi ut aliquip ex ea commodo consequat. Duis aute irure dolor in reprehenderit in voluptate velit esse cillum dolore eu fugiat nulla pariatur. Excepteur sint occaecat cupidatat non proident, sunt in culpa qui officia deserunt mollit anim id est laborum.<\/p>\t\t\t\t\t\t<\/div>\n\t\t\t\t<\/div>\n\t\t\t\t\t<\/div>\n\t\t<\/div>\n\t\t\t\t\t\t\t<\/div>\n\t\t<\/section>\n\t\t\t\t\t\t\t<\/div>\n\t\t","protected":false},"excerpt":{"rendered":"<p>Mon petit v\u00e9lo : le guide complet du v\u00e9lo Explore tout le contour du v\u00e9lo gr\u00e2ce \u00e0 nos guides sur chaque composant de la bicyclette ! D\u00e9couvre le v\u00e9lo ! Le v\u00e9lo : un moyen de transport devenu une somme de composants et de m\u00e9canique Le v\u00e9lo est un moyen de transport apparu dans les &hellip;<\/p>\n<p class=\"read-more\"> <a class=\"\" href=\"https:\/\/mon-petit-velo.com\/\"> <span class=\"screen-reader-text\">Mon petit v\u00e9lo<\/span> Lire la suite\u00a0\u00bb<\/a><\/p>\n","protected":false},"author":1,"featured_media":0,"parent":0,"menu_order":0,"comment_status":"closed","ping_status":"closed","template":"elementor_header_footer","meta":{"site-sidebar-layout":"no-sidebar","site-content-layout":"page-builder","ast-global-header-display":"","ast-main-header-display":"","ast-hfb-above-header-display":"","ast-hfb-below-header-display":"","ast-hfb-mobile-header-display":"","site-post-title":"disabled","ast-breadcrumbs-content":"","ast-featured-img":"disabled","footer-sml-layout":"","theme-transparent-header-meta":"","adv-header-id-meta":"","stick-header-meta":"","header-above-stick-meta":"","header-main-stick-meta":"","header-below-stick-meta":"","footnotes":""},"class_list":["post-11","page","type-page","status-publish","hentry"],"yoast_head":"<!-- This site is optimized with the Yoast SEO plugin v20.4 - https:\/\/yoast.com\/wordpress\/plugins\/seo\/ -->\n<title>Mon petit v\u00e9lo | Mon petit v\u00e9lo<\/title>\n<meta name=\"robots\" content=\"noindex, follow, max-snippet:-1, max-image-preview:large, max-video-preview:-1\" \/>\n<meta property=\"og:locale\" content=\"fr_FR\" \/>\n<meta property=\"og:type\" content=\"article\" \/>\n<meta property=\"og:title\" content=\"Mon petit v\u00e9lo | Mon petit v\u00e9lo\" \/>\n<meta property=\"og:description\" content=\"Mon petit v\u00e9lo : le guide complet du v\u00e9lo Explore tout le contour du v\u00e9lo gr\u00e2ce \u00e0 nos guides sur chaque composant de la bicyclette ! D\u00e9couvre le v\u00e9lo ! Le v\u00e9lo : un moyen de transport devenu une somme de composants et de m\u00e9canique Le v\u00e9lo est un moyen de transport apparu dans les &hellip; Mon petit v\u00e9lo Lire la suite\u00a0\u00bb\" \/>\n<meta property=\"og:url\" content=\"https:\/\/mon-petit-velo.com\/\" \/>\n<meta property=\"og:site_name\" content=\"Mon petit v\u00e9lo\" \/>\n<meta property=\"article:modified_time\" content=\"2022-08-08T22:37:44+00:00\" \/>\n<meta name=\"twitter:card\" content=\"summary_large_image\" \/>\n<meta name=\"twitter:label1\" content=\"Dur\u00e9e de lecture estim\u00e9e\" \/>\n\t<meta name=\"twitter:data1\" content=\"2 minutes\" \/>\n<script type=\"application\/ld+json\" class=\"yoast-schema-graph\">{\"@context\":\"https:\/\/schema.org\",\"@graph\":[{\"@type\":\"WebPage\",\"@id\":\"https:\/\/mon-petit-velo.com\/\",\"url\":\"https:\/\/mon-petit-velo.com\/\",\"name\":\"Mon petit v\u00e9lo | Mon petit v\u00e9lo\",\"isPartOf\":{\"@id\":\"https:\/\/mon-petit-velo.com\/#website\"},\"datePublished\":\"2022-08-08T15:28:40+00:00\",\"dateModified\":\"2022-08-08T22:37:44+00:00\",\"breadcrumb\":{\"@id\":\"https:\/\/mon-petit-velo.com\/#breadcrumb\"},\"inLanguage\":\"fr-FR\",\"potentialAction\":[{\"@type\":\"ReadAction\",\"target\":[\"https:\/\/mon-petit-velo.com\/\"]}]},{\"@type\":\"BreadcrumbList\",\"@id\":\"https:\/\/mon-petit-velo.com\/#breadcrumb\",\"itemListElement\":[{\"@type\":\"ListItem\",\"position\":1,\"name\":\"Mon petit v\u00e9lo\",\"item\":\"https:\/\/mon-petit-velo.com\/\"},{\"@type\":\"ListItem\",\"position\":2,\"name\":\"Mon petit v\u00e9lo\"}]},{\"@type\":\"WebSite\",\"@id\":\"https:\/\/mon-petit-velo.com\/#website\",\"url\":\"https:\/\/mon-petit-velo.com\/\",\"name\":\"Mon petit v\u00e9lo\",\"description\":\"\",\"publisher\":{\"@id\":\"https:\/\/mon-petit-velo.com\/#organization\"},\"potentialAction\":[{\"@type\":\"SearchAction\",\"target\":{\"@type\":\"EntryPoint\",\"urlTemplate\":\"https:\/\/mon-petit-velo.com\/?s={search_term_string}\"},\"query-input\":\"required name=search_term_string\"}],\"inLanguage\":\"fr-FR\"},{\"@type\":\"Organization\",\"@id\":\"https:\/\/mon-petit-velo.com\/#organization\",\"name\":\"Mon petit v\u00e9lo\",\"url\":\"https:\/\/mon-petit-velo.com\/\",\"logo\":{\"@type\":\"ImageObject\",\"inLanguage\":\"fr-FR\",\"@id\":\"https:\/\/mon-petit-velo.com\/#\/schema\/logo\/image\/\",\"url\":\"https:\/\/mon-petit-velo.com\/wp-content\/uploads\/2022\/08\/cropped-Logo-Mon-petit-velo.png\",\"contentUrl\":\"https:\/\/mon-petit-velo.com\/wp-content\/uploads\/2022\/08\/cropped-Logo-Mon-petit-velo.png\",\"width\":337,\"height\":114,\"caption\":\"Mon petit v\u00e9lo\"},\"image\":{\"@id\":\"https:\/\/mon-petit-velo.com\/#\/schema\/logo\/image\/\"}}]}<\/script>\n<!-- \/ Yoast SEO plugin. -->","yoast_head_json":{"title":"Mon petit v\u00e9lo | Mon petit v\u00e9lo","robots":{"index":"noindex","follow":"follow","max-snippet":"max-snippet:-1","max-image-preview":"max-image-preview:large","max-video-preview":"max-video-preview:-1"},"og_locale":"fr_FR","og_type":"article","og_title":"Mon petit v\u00e9lo | Mon petit v\u00e9lo","og_description":"Mon petit v\u00e9lo : le guide complet du v\u00e9lo Explore tout le contour du v\u00e9lo gr\u00e2ce \u00e0 nos guides sur chaque composant de la bicyclette ! D\u00e9couvre le v\u00e9lo ! Le v\u00e9lo : un moyen de transport devenu une somme de composants et de m\u00e9canique Le v\u00e9lo est un moyen de transport apparu dans les &hellip; Mon petit v\u00e9lo Lire la suite\u00a0\u00bb","og_url":"https:\/\/mon-petit-velo.com\/","og_site_name":"Mon petit v\u00e9lo","article_modified_time":"2022-08-08T22:37:44+00:00","twitter_card":"summary_large_image","twitter_misc":{"Dur\u00e9e de lecture estim\u00e9e":"2 minutes"},"schema":{"@context":"https:\/\/schema.org","@graph":[{"@type":"WebPage","@id":"https:\/\/mon-petit-velo.com\/","url":"https:\/\/mon-petit-velo.com\/","name":"Mon petit v\u00e9lo | Mon petit v\u00e9lo","isPartOf":{"@id":"https:\/\/mon-petit-velo.com\/#website"},"datePublished":"2022-08-08T15:28:40+00:00","dateModified":"2022-08-08T22:37:44+00:00","breadcrumb":{"@id":"https:\/\/mon-petit-velo.com\/#breadcrumb"},"inLanguage":"fr-FR","potentialAction":[{"@type":"ReadAction","target":["https:\/\/mon-petit-velo.com\/"]}]},{"@type":"BreadcrumbList","@id":"https:\/\/mon-petit-velo.com\/#breadcrumb","itemListElement":[{"@type":"ListItem","position":1,"name":"Mon petit v\u00e9lo","item":"https:\/\/mon-petit-velo.com\/"},{"@type":"ListItem","position":2,"name":"Mon petit v\u00e9lo"}]},{"@type":"WebSite","@id":"https:\/\/mon-petit-velo.com\/#website","url":"https:\/\/mon-petit-velo.com\/","name":"Mon petit v\u00e9lo","description":"","publisher":{"@id":"https:\/\/mon-petit-velo.com\/#organization"},"potentialAction":[{"@type":"SearchAction","target":{"@type":"EntryPoint","urlTemplate":"https:\/\/mon-petit-velo.com\/?s={search_term_string}"},"query-input":"required name=search_term_string"}],"inLanguage":"fr-FR"},{"@type":"Organization","@id":"https:\/\/mon-petit-velo.com\/#organization","name":"Mon petit v\u00e9lo","url":"https:\/\/mon-petit-velo.com\/","logo":{"@type":"ImageObject","inLanguage":"fr-FR","@id":"https:\/\/mon-petit-velo.com\/#\/schema\/logo\/image\/","url":"https:\/\/mon-petit-velo.com\/wp-content\/uploads\/2022\/08\/cropped-Logo-Mon-petit-velo.png","contentUrl":"https:\/\/mon-petit-velo.com\/wp-content\/uploads\/2022\/08\/cropped-Logo-Mon-petit-velo.png","width":337,"height":114,"caption":"Mon petit v\u00e9lo"},"image":{"@id":"https:\/\/mon-petit-velo.com\/#\/schema\/logo\/image\/"}}]}},"_links":{"self":[{"href":"https:\/\/mon-petit-velo.com\/index.php\/wp-json\/wp\/v2\/pages\/11","targetHints":{"allow":["GET"]}}],"collection":[{"href":"https:\/\/mon-petit-velo.com\/index.php\/wp-json\/wp\/v2\/pages"}],"about":[{"href":"https:\/\/mon-petit-velo.com\/index.php\/wp-json\/wp\/v2\/types\/page"}],"author":[{"embeddable":true,"href":"https:\/\/mon-petit-velo.com\/index.php\/wp-json\/wp\/v2\/users\/1"}],"replies":[{"embeddable":true,"href":"https:\/\/mon-petit-velo.com\/index.php\/wp-json\/wp\/v2\/comments?post=11"}],"version-history":[{"count":40,"href":"https:\/\/mon-petit-velo.com\/index.php\/wp-json\/wp\/v2\/pages\/11\/revisions"}],"predecessor-version":[{"id":72,"href":"https:\/\/mon-petit-velo.com\/index.php\/wp-json\/wp\/v2\/pages\/11\/revisions\/72"}],"wp:attachment":[{"href":"https:\/\/mon-petit-velo.com\/index.php\/wp-json\/wp\/v2\/media?parent=11"}],"curies":[{"name":"wp","href":"https:\/\/api.w.org\/{rel}","templated":true}]}}